{"id":75,"date":"2021-08-29T03:00:32","date_gmt":"2021-08-29T03:00:32","guid":{"rendered":"https:\/\/wpocean.com\/wp\/canun\/?page_id=75"},"modified":"2025-01-27T10:03:56","modified_gmt":"2025-01-27T10:03:56","slug":"attorneys","status":"publish","type":"page","link":"https:\/\/www.atilimhukuk.com\/en\/attorneys\/","title":{"rendered":"Attorneys"},"content":{"rendered":"<div data-elementor-type=\"wp-page\" data-elementor-id=\"75\" class=\"elementor elementor-75\" data-elementor-post-type=\"page\">\n\t\t\t\t\t\t<section class=\"elementor-section elementor-top-section elementor-element elementor-element-a6694bd elementor-section-full_width elementor-section-height-default elementor-section-height-default\" data-id=\"a6694bd\" data-element_type=\"section\">\n\t\t\t\t\t\t<div class=\"elementor-container elementor-column-gap-no\">\n\t\t\t\t\t<div class=\"elementor-column elementor-col-100 elementor-top-column elementor-element elementor-element-0cab35c\" data-id=\"0cab35c\" data-element_type=\"column\">\n\t\t\t<div class=\"elementor-widget-wrap elementor-element-populated\">\n\t\t\t\t\t\t<div class=\"elementor-element elementor-element-ecf7068 elementor-widget elementor-widget-wpo-canun_title\" data-id=\"ecf7068\" data-element_type=\"widget\" data-widget_type=\"wpo-canun_title.default\">\n\t\t\t\t<div class=\"elementor-widget-container\">\n\t\t\t\t\t\t\t<div class=\"wpo-section-area\">\n\t\t\t<div class=\"container\">\n\t\t\t\t<div class=\"row align-items-center\">\n\t\t\t\t\t<div class=\"col-lg-5\">\n\t\t\t\t\t\t<div class=\"wpo-section-title\">\n\t\t\t\t\t\t\t<h2>Meet Our Most Talented &amp; Qualified Attorneys<\/h2>\t\t\t\t\t\t<\/div>\n\t\t\t\t\t<\/div>\n\t\t\t\t\t<div class=\"col-lg-5 offset-lg-2\">\n\t\t\t\t\t\t<div class=\"wpo-section-title\">\n\t\t\t\t\t\t\t<p>Lorem ipsum dolor sit amet, consectetur adipiscing elit, sed do eiusmod tempor incididunt ut labore et dolore magna aliqua.<\/p>\t\t\t\t\t\t<\/div>\n\t\t\t\t\t<\/div>\n\t\t\t\t<\/div>\n\t\t\t<\/div>\n\t\t<\/div>\n\t\t\t\t<\/div>\n\t\t\t\t<\/div>\n\t\t\t\t<div class=\"elementor-element elementor-element-96b7dae elementor-widget elementor-widget-wpo-canun_team\" data-id=\"96b7dae\" data-element_type=\"widget\" data-widget_type=\"wpo-canun_team.default\">\n\t\t\t\t<div class=\"elementor-widget-container\">\n\t\t\t\t\t\t\t<div class=\"wpo-team-section\">\n\t\t\t<div class=\"container\">\n\t\t\t\t<div class=\"wpo-team-wrap\">\n\t\t\t\t\t<div class=\"row\">\n\t\t\t\t\t\t\t\t\t\t\t\t\t\t<div class=\"col col-lg-3 col-md-6 col-12\">\n\t\t\t\t\t\t\t\t\t<div class=\"wpo-team-item\">\n\t\t\t\t\t\t\t\t\t\t<div class=\"wpo-team-img\">\n\t\t\t\t\t\t\t\t\t\t\t<img decoding=\"async\" src=\"https:\/\/www.atilimhukuk.com\/wp-content\/uploads\/2021\/09\/team-4-min.jpg\" alt=\"\">\t\t\t\t\t\t\t\t\t\t\t<div class=\"social\">\n\t\t\t\t\t\t\t\t\t\t\t\t<ul>\n\t\t\t\t\t\t\t\t\t\t\t\t\t<li class=\"switch\"><i class=\"ti-plus\"><\/i><\/li>\n\t\t\t\t\t\t\t\t\t\t\t\t\t<li class=\"on\"><a href=\"#\"><i class=\"ti-facebook\" ><\/i><\/a><\/li><li class=\"on\"><a href=\"#\"><i class=\"ti-twitter-alt\" ><\/i><\/a><\/li><li class=\"on\"><a href=\"#\"><i class=\"ti-linkedin\" ><\/i><\/a><\/li><li class=\"on\"><a href=\"#\"><i class=\"ti-pinterest\" ><\/i><\/a><\/li>\t\t\t\t\t\t\t\t\t\t\t\t<\/ul>\n\t\t\t\t\t\t\t\t\t\t\t<\/div>\n\t\t\t\t\t\t\t\t\t\t<\/div>\n\t\t\t\t\t\t\t\t\t\t<div class=\"wpo-team-text\">\n\t\t\t\t\t\t\t\t\t\t\t<h2><a href=\"https:\/\/www.atilimhukuk.com\/en\/team\/john-albert\/\">John Albert<\/a><\/h2><span>Education Lawyer<\/span>\t\t\t\t\t\t\t\t\t\t<\/div>\n\t\t\t\t\t\t\t\t\t<\/div>\n\t\t\t\t\t\t\t\t<\/div>\n\t\t\t\t\t\t\t\t\t\t\t\t\t\t<div class=\"col col-lg-3 col-md-6 col-12\">\n\t\t\t\t\t\t\t\t\t<div class=\"wpo-team-item\">\n\t\t\t\t\t\t\t\t\t\t<div class=\"wpo-team-img\">\n\t\t\t\t\t\t\t\t\t\t\t<img decoding=\"async\" src=\"https:\/\/www.atilimhukuk.com\/wp-content\/uploads\/2021\/09\/team-3-min.jpg\" alt=\"\">\t\t\t\t\t\t\t\t\t\t\t<div class=\"social\">\n\t\t\t\t\t\t\t\t\t\t\t\t<ul>\n\t\t\t\t\t\t\t\t\t\t\t\t\t<li class=\"switch\"><i class=\"ti-plus\"><\/i><\/li>\n\t\t\t\t\t\t\t\t\t\t\t\t\t<li class=\"on\"><a href=\"#\"><i class=\"ti-facebook\" ><\/i><\/a><\/li><li class=\"on\"><a href=\"#\"><i class=\"ti-twitter-alt\" ><\/i><\/a><\/li><li class=\"on\"><a href=\"#\"><i class=\"ti-linkedin\" ><\/i><\/a><\/li><li class=\"on\"><a href=\"#\"><i class=\"ti-pinterest\" ><\/i><\/a><\/li>\t\t\t\t\t\t\t\t\t\t\t\t<\/ul>\n\t\t\t\t\t\t\t\t\t\t\t<\/div>\n\t\t\t\t\t\t\t\t\t\t<\/div>\n\t\t\t\t\t\t\t\t\t\t<div class=\"wpo-team-text\">\n\t\t\t\t\t\t\t\t\t\t\t<h2><a href=\"https:\/\/www.atilimhukuk.com\/en\/team\/dorothy-jane\/\">Dorothy Jane<\/a><\/h2><span>Business Lawyer<\/span>\t\t\t\t\t\t\t\t\t\t<\/div>\n\t\t\t\t\t\t\t\t\t<\/div>\n\t\t\t\t\t\t\t\t<\/div>\n\t\t\t\t\t\t\t\t\t\t\t\t\t\t<div class=\"col col-lg-3 col-md-6 col-12\">\n\t\t\t\t\t\t\t\t\t<div class=\"wpo-team-item\">\n\t\t\t\t\t\t\t\t\t\t<div class=\"wpo-team-img\">\n\t\t\t\t\t\t\t\t\t\t\t<img decoding=\"async\" src=\"https:\/\/www.atilimhukuk.com\/wp-content\/uploads\/2021\/09\/team-2-min.jpg\" alt=\"\">\t\t\t\t\t\t\t\t\t\t\t<div class=\"social\">\n\t\t\t\t\t\t\t\t\t\t\t\t<ul>\n\t\t\t\t\t\t\t\t\t\t\t\t\t<li class=\"switch\"><i class=\"ti-plus\"><\/i><\/li>\n\t\t\t\t\t\t\t\t\t\t\t\t\t<li class=\"on\"><a href=\"#\"><i class=\"ti-facebook\" ><\/i><\/a><\/li><li class=\"on\"><a href=\"#\"><i class=\"ti-twitter-alt\" ><\/i><\/a><\/li><li class=\"on\"><a href=\"#\"><i class=\"ti-linkedin\" ><\/i><\/a><\/li><li class=\"on\"><a href=\"#\"><i class=\"ti-pinterest\" ><\/i><\/a><\/li>\t\t\t\t\t\t\t\t\t\t\t\t<\/ul>\n\t\t\t\t\t\t\t\t\t\t\t<\/div>\n\t\t\t\t\t\t\t\t\t\t<\/div>\n\t\t\t\t\t\t\t\t\t\t<div class=\"wpo-team-text\">\n\t\t\t\t\t\t\t\t\t\t\t<h2><a href=\"https:\/\/www.atilimhukuk.com\/en\/team\/david-harry\/\">David Harry<\/a><\/h2><span>Criminal Lawyer<\/span>\t\t\t\t\t\t\t\t\t\t<\/div>\n\t\t\t\t\t\t\t\t\t<\/div>\n\t\t\t\t\t\t\t\t<\/div>\n\t\t\t\t\t\t\t\t\t\t\t\t\t\t<div class=\"col col-lg-3 col-md-6 col-12\">\n\t\t\t\t\t\t\t\t\t<div class=\"wpo-team-item\">\n\t\t\t\t\t\t\t\t\t\t<div class=\"wpo-team-img\">\n\t\t\t\t\t\t\t\t\t\t\t<img decoding=\"async\" src=\"https:\/\/www.atilimhukuk.com\/wp-content\/uploads\/2021\/09\/team-1-min.jpg\" alt=\"\">\t\t\t\t\t\t\t\t\t\t\t<div class=\"social\">\n\t\t\t\t\t\t\t\t\t\t\t\t<ul>\n\t\t\t\t\t\t\t\t\t\t\t\t\t<li class=\"switch\"><i class=\"ti-plus\"><\/i><\/li>\n\t\t\t\t\t\t\t\t\t\t\t\t\t<li class=\"on\"><a href=\"#\"><i class=\"ti-facebook\" ><\/i><\/a><\/li><li class=\"on\"><a href=\"#\"><i class=\"ti-twitter-alt\" ><\/i><\/a><\/li><li class=\"on\"><a href=\"#\"><i class=\"ti-linkedin\" ><\/i><\/a><\/li><li class=\"on\"><a href=\"#\"><i class=\"ti-pinterest\" ><\/i><\/a><\/li>\t\t\t\t\t\t\t\t\t\t\t\t<\/ul>\n\t\t\t\t\t\t\t\t\t\t\t<\/div>\n\t\t\t\t\t\t\t\t\t\t<\/div>\n\t\t\t\t\t\t\t\t\t\t<div class=\"wpo-team-text\">\n\t\t\t\t\t\t\t\t\t\t\t<h2><a href=\"https:\/\/www.atilimhukuk.com\/en\/team\/janella-orchid\/\">Janella Orchid<\/a><\/h2><span>Family Lawyer<\/span>\t\t\t\t\t\t\t\t\t\t<\/div>\n\t\t\t\t\t\t\t\t\t<\/div>\n\t\t\t\t\t\t\t\t<\/div>\n\t\t\t\t\t\t\t\t\t\t\t<\/div>\n\t\t\t\t<\/div>\n\t\t\t<\/div>\n\t\t<\/div>\n\t\t\t\t<\/div>\n\t\t\t\t<\/div>\n\t\t\t\t\t<\/div>\n\t\t<\/div>\n\t\t\t\t\t<\/div>\n\t\t<\/section>\n\t\t\t\t<\/div>","protected":false},"excerpt":{"rendered":"Meet Our Most Talented &amp; Qualified Attorneys Lorem ipsum dolor sit amet, consectetur adipiscing elit, sed do eiusmod tempor incididunt ut labore et dolore magna aliqua. John Albert Education Lawyer Dorothy Jane Business Lawyer David Harry Criminal Lawyer Janella Orchid Family Lawyer","protected":false},"author":1,"featured_media":0,"parent":0,"menu_order":0,"comment_status":"closed","ping_status":"closed","template":"elementor_header_footer","meta":{"_monsterinsights_skip_tracking":false,"_monsterinsights_sitenote_active":false,"_monsterinsights_sitenote_note":"","_monsterinsights_sitenote_category":0,"footnotes":""},"class_list":["post-75","page","type-page","status-publish","hentry"],"aioseo_notices":[],"yoast_head":"<!-- This site is optimized with the Yoast SEO plugin v24.4 - https:\/\/yoast.com\/wordpress\/plugins\/seo\/ -->\n<title>Attorneys - At\u0131l\u0131m Hukuk<\/title>\n<meta name=\"robots\" content=\"index, follow, max-snippet:-1, max-image-preview:large, max-video-preview:-1\" \/>\n<link rel=\"canonical\" href=\"https:\/\/www.atilimhukuk.com\/en\/attorneys\/\" \/>\n<meta property=\"og:locale\" content=\"en_US\" \/>\n<meta property=\"og:type\" content=\"article\" \/>\n<meta property=\"og:title\" content=\"Attorneys - At\u0131l\u0131m Hukuk\" \/>\n<meta property=\"og:description\" content=\"Meet Our Most Talented &amp; Qualified Attorneys Lorem ipsum dolor sit amet, consectetur adipiscing elit, sed do eiusmod tempor incididunt ut labore et dolore magna aliqua. John Albert Education Lawyer Dorothy Jane Business Lawyer David Harry Criminal Lawyer Janella Orchid Family Lawyer\" \/>\n<meta property=\"og:url\" content=\"https:\/\/www.atilimhukuk.com\/en\/attorneys\/\" \/>\n<meta property=\"og:site_name\" content=\"At\u0131l\u0131m Hukuk\" \/>\n<meta property=\"article:modified_time\" content=\"2025-01-27T10:03:56+00:00\" \/>\n<meta property=\"og:image\" content=\"https:\/\/www.atilimhukuk.com\/\/wp-content\/uploads\/2021\/09\/team-4-min.jpg\" \/>\n<meta name=\"twitter:card\" content=\"summary_large_image\" \/>\n<meta name=\"twitter:site\" content=\"@atilimhukukoff\" \/>\n<script type=\"application\/ld+json\" class=\"yoast-schema-graph\">{\"@context\":\"https:\/\/schema.org\",\"@graph\":[{\"@type\":\"WebPage\",\"@id\":\"https:\/\/www.atilimhukuk.com\/\/attorneys\/\",\"url\":\"https:\/\/www.atilimhukuk.com\/\/attorneys\/\",\"name\":\"Attorneys - At\u0131l\u0131m Hukuk\",\"isPartOf\":{\"@id\":\"https:\/\/www.atilimhukuk.com\/#website\"},\"primaryImageOfPage\":{\"@id\":\"https:\/\/www.atilimhukuk.com\/\/attorneys\/#primaryimage\"},\"image\":{\"@id\":\"https:\/\/www.atilimhukuk.com\/\/attorneys\/#primaryimage\"},\"thumbnailUrl\":\"https:\/\/www.atilimhukuk.com\/\/wp-content\/uploads\/2021\/09\/team-4-min.jpg\",\"datePublished\":\"2021-08-29T03:00:32+00:00\",\"dateModified\":\"2025-01-27T10:03:56+00:00\",\"breadcrumb\":{\"@id\":\"https:\/\/www.atilimhukuk.com\/\/attorneys\/#breadcrumb\"},\"inLanguage\":\"en-US\",\"potentialAction\":[{\"@type\":\"ReadAction\",\"target\":[\"https:\/\/www.atilimhukuk.com\/\/attorneys\/\"]}]},{\"@type\":\"ImageObject\",\"inLanguage\":\"en-US\",\"@id\":\"https:\/\/www.atilimhukuk.com\/\/attorneys\/#primaryimage\",\"url\":\"https:\/\/www.atilimhukuk.com\/\/wp-content\/uploads\/2021\/09\/team-4-min.jpg\",\"contentUrl\":\"https:\/\/www.atilimhukuk.com\/\/wp-content\/uploads\/2021\/09\/team-4-min.jpg\"},{\"@type\":\"BreadcrumbList\",\"@id\":\"https:\/\/www.atilimhukuk.com\/\/attorneys\/#breadcrumb\",\"itemListElement\":[{\"@type\":\"ListItem\",\"position\":1,\"name\":\"Anasayfa\",\"item\":\"https:\/\/www.atilimhukuk.com\/\"},{\"@type\":\"ListItem\",\"position\":2,\"name\":\"Attorneys\"}]},{\"@type\":\"WebSite\",\"@id\":\"https:\/\/www.atilimhukuk.com\/#website\",\"url\":\"https:\/\/www.atilimhukuk.com\/\",\"name\":\"At\u0131l\u0131m Hukuk\",\"description\":\"At\u0131l\u0131m Hukuk B&uuml;rosu\",\"publisher\":{\"@id\":\"https:\/\/www.atilimhukuk.com\/#organization\"},\"potentialAction\":[{\"@type\":\"SearchAction\",\"target\":{\"@type\":\"EntryPoint\",\"urlTemplate\":\"https:\/\/www.atilimhukuk.com\/?s={search_term_string}\"},\"query-input\":{\"@type\":\"PropertyValueSpecification\",\"valueRequired\":true,\"valueName\":\"search_term_string\"}}],\"inLanguage\":\"en-US\"},{\"@type\":\"Organization\",\"@id\":\"https:\/\/www.atilimhukuk.com\/#organization\",\"name\":\"At\u0131l\u0131m Hukuk\",\"url\":\"https:\/\/www.atilimhukuk.com\/\",\"logo\":{\"@type\":\"ImageObject\",\"inLanguage\":\"en-US\",\"@id\":\"https:\/\/www.atilimhukuk.com\/#\/schema\/logo\/image\/\",\"url\":\"https:\/\/www.atilimhukuk.com\/wp-content\/uploads\/2025\/03\/cropped-atilim-hukuk-logo-yeni-2-1.png\",\"contentUrl\":\"https:\/\/www.atilimhukuk.com\/wp-content\/uploads\/2025\/03\/cropped-atilim-hukuk-logo-yeni-2-1.png\",\"width\":1055,\"height\":1057,\"caption\":\"At\u0131l\u0131m Hukuk\"},\"image\":{\"@id\":\"https:\/\/www.atilimhukuk.com\/#\/schema\/logo\/image\/\"},\"sameAs\":[\"https:\/\/x.com\/atilimhukukoff\"]}]}<\/script>\n<!-- \/ Yoast SEO plugin. -->","yoast_head_json":{"title":"Attorneys - At\u0131l\u0131m Hukuk","robots":{"index":"index","follow":"follow","max-snippet":"max-snippet:-1","max-image-preview":"max-image-preview:large","max-video-preview":"max-video-preview:-1"},"canonical":"https:\/\/www.atilimhukuk.com\/en\/attorneys\/","og_locale":"en_US","og_type":"article","og_title":"Attorneys - At\u0131l\u0131m Hukuk","og_description":"Meet Our Most Talented &amp; Qualified Attorneys Lorem ipsum dolor sit amet, consectetur adipiscing elit, sed do eiusmod tempor incididunt ut labore et dolore magna aliqua. John Albert Education Lawyer Dorothy Jane Business Lawyer David Harry Criminal Lawyer Janella Orchid Family Lawyer","og_url":"https:\/\/www.atilimhukuk.com\/en\/attorneys\/","og_site_name":"At\u0131l\u0131m Hukuk","article_modified_time":"2025-01-27T10:03:56+00:00","og_image":[{"url":"https:\/\/www.atilimhukuk.com\/\/wp-content\/uploads\/2021\/09\/team-4-min.jpg","type":"","width":"","height":""}],"twitter_card":"summary_large_image","twitter_site":"@atilimhukukoff","schema":{"@context":"https:\/\/schema.org","@graph":[{"@type":"WebPage","@id":"https:\/\/www.atilimhukuk.com\/\/attorneys\/","url":"https:\/\/www.atilimhukuk.com\/\/attorneys\/","name":"Attorneys - At\u0131l\u0131m Hukuk","isPartOf":{"@id":"https:\/\/www.atilimhukuk.com\/#website"},"primaryImageOfPage":{"@id":"https:\/\/www.atilimhukuk.com\/\/attorneys\/#primaryimage"},"image":{"@id":"https:\/\/www.atilimhukuk.com\/\/attorneys\/#primaryimage"},"thumbnailUrl":"https:\/\/www.atilimhukuk.com\/\/wp-content\/uploads\/2021\/09\/team-4-min.jpg","datePublished":"2021-08-29T03:00:32+00:00","dateModified":"2025-01-27T10:03:56+00:00","breadcrumb":{"@id":"https:\/\/www.atilimhukuk.com\/\/attorneys\/#breadcrumb"},"inLanguage":"en-US","potentialAction":[{"@type":"ReadAction","target":["https:\/\/www.atilimhukuk.com\/\/attorneys\/"]}]},{"@type":"ImageObject","inLanguage":"en-US","@id":"https:\/\/www.atilimhukuk.com\/\/attorneys\/#primaryimage","url":"https:\/\/www.atilimhukuk.com\/\/wp-content\/uploads\/2021\/09\/team-4-min.jpg","contentUrl":"https:\/\/www.atilimhukuk.com\/\/wp-content\/uploads\/2021\/09\/team-4-min.jpg"},{"@type":"BreadcrumbList","@id":"https:\/\/www.atilimhukuk.com\/\/attorneys\/#breadcrumb","itemListElement":[{"@type":"ListItem","position":1,"name":"Anasayfa","item":"https:\/\/www.atilimhukuk.com\/"},{"@type":"ListItem","position":2,"name":"Attorneys"}]},{"@type":"WebSite","@id":"https:\/\/www.atilimhukuk.com\/#website","url":"https:\/\/www.atilimhukuk.com\/","name":"At\u0131l\u0131m Hukuk","description":"At\u0131l\u0131m Hukuk B&uuml;rosu","publisher":{"@id":"https:\/\/www.atilimhukuk.com\/#organization"},"potentialAction":[{"@type":"SearchAction","target":{"@type":"EntryPoint","urlTemplate":"https:\/\/www.atilimhukuk.com\/?s={search_term_string}"},"query-input":{"@type":"PropertyValueSpecification","valueRequired":true,"valueName":"search_term_string"}}],"inLanguage":"en-US"},{"@type":"Organization","@id":"https:\/\/www.atilimhukuk.com\/#organization","name":"At\u0131l\u0131m Hukuk","url":"https:\/\/www.atilimhukuk.com\/","logo":{"@type":"ImageObject","inLanguage":"en-US","@id":"https:\/\/www.atilimhukuk.com\/#\/schema\/logo\/image\/","url":"https:\/\/www.atilimhukuk.com\/wp-content\/uploads\/2025\/03\/cropped-atilim-hukuk-logo-yeni-2-1.png","contentUrl":"https:\/\/www.atilimhukuk.com\/wp-content\/uploads\/2025\/03\/cropped-atilim-hukuk-logo-yeni-2-1.png","width":1055,"height":1057,"caption":"At\u0131l\u0131m Hukuk"},"image":{"@id":"https:\/\/www.atilimhukuk.com\/#\/schema\/logo\/image\/"},"sameAs":["https:\/\/x.com\/atilimhukukoff"]}]}},"_links":{"self":[{"href":"https:\/\/www.atilimhukuk.com\/en\/wp-json\/wp\/v2\/pages\/75"}],"collection":[{"href":"https:\/\/www.atilimhukuk.com\/en\/wp-json\/wp\/v2\/pages"}],"about":[{"href":"https:\/\/www.atilimhukuk.com\/en\/wp-json\/wp\/v2\/types\/page"}],"author":[{"embeddable":true,"href":"https:\/\/www.atilimhukuk.com\/en\/wp-json\/wp\/v2\/users\/1"}],"replies":[{"embeddable":true,"href":"https:\/\/www.atilimhukuk.com\/en\/wp-json\/wp\/v2\/comments?post=75"}],"version-history":[{"count":1,"href":"https:\/\/www.atilimhukuk.com\/en\/wp-json\/wp\/v2\/pages\/75\/revisions"}],"predecessor-version":[{"id":1001,"href":"https:\/\/www.atilimhukuk.com\/en\/wp-json\/wp\/v2\/pages\/75\/revisions\/1001"}],"wp:attachment":[{"href":"https:\/\/www.atilimhukuk.com\/en\/wp-json\/wp\/v2\/media?parent=75"}],"curies":[{"name":"wp","href":"https:\/\/api.w.org\/{rel}","templated":true}]}}