{"id":2860,"date":"2025-02-05T13:15:59","date_gmt":"2025-02-05T13:15:59","guid":{"rendered":"https:\/\/www.atilimhukuk.com\/\/?page_id=2860"},"modified":"2025-03-07T05:22:53","modified_gmt":"2025-03-07T05:22:53","slug":"calisma-alanlarimiz","status":"publish","type":"page","link":"https:\/\/www.atilimhukuk.com\/en\/calisma-alanlarimiz\/","title":{"rendered":"Our Working Areas"},"content":{"rendered":"<div data-elementor-type=\"wp-page\" data-elementor-id=\"2860\" class=\"elementor elementor-2860\" data-elementor-post-type=\"page\">\n\t\t\t\t<div class=\"elementor-element elementor-element-b1518c0 e-flex e-con-boxed e-con e-parent\" data-id=\"b1518c0\" data-element_type=\"container\">\n\t\t\t\t\t<div class=\"e-con-inner\">\n\t\t\t\t<div class=\"elementor-element elementor-element-d793cb1 elementor-widget elementor-widget-spacer\" data-id=\"d793cb1\" data-element_type=\"widget\" data-widget_type=\"spacer.default\">\n\t\t\t\t<div class=\"elementor-widget-container\">\n\t\t\t\t\t\t\t<div class=\"elementor-spacer\">\n\t\t\t<div class=\"elementor-spacer-inner\"><\/div>\n\t\t<\/div>\n\t\t\t\t\t\t<\/div>\n\t\t\t\t<\/div>\n\t\t\t\t<div class=\"elementor-element elementor-element-5ef93cd elementor-widget elementor-widget-wpo-canun_title\" data-id=\"5ef93cd\" data-element_type=\"widget\" data-widget_type=\"wpo-canun_title.default\">\n\t\t\t\t<div class=\"elementor-widget-container\">\n\t\t\t\t\t\t\t<div class=\"wpo-section-area\">\n\t\t\t<div class=\"container\">\n\t\t\t\t<div class=\"row align-items-center\">\n\t\t\t\t\t<div class=\"col-lg-5\">\n\t\t\t\t\t\t<div class=\"wpo-section-title\">\n\t\t\t\t\t\t\t<h2>Our Working Areas<\/h2>\t\t\t\t\t\t<\/div>\n\t\t\t\t\t<\/div>\n\t\t\t\t\t<div class=\"col-lg-5 offset-lg-2\">\n\t\t\t\t\t\t<div class=\"wpo-section-title\">\n\t\t\t\t\t\t\t<p>As At\u0131l\u0131m Law Office, we offer legal services in criminal law, family law, labor law, commercial law and many other fields with our expert staff.<\/p>\t\t\t\t\t\t<\/div>\n\t\t\t\t\t<\/div>\n\t\t\t\t<\/div>\n\t\t\t<\/div>\n\t\t<\/div>\n\t\t\t\t<\/div>\n\t\t\t\t<\/div>\n\t\t\t\t\t<\/div>\n\t\t\t\t<\/div>\n\t\t<div class=\"elementor-element elementor-element-e1f7151 e-flex e-con-boxed e-con e-parent\" data-id=\"e1f7151\" data-element_type=\"container\">\n\t\t\t\t\t<div class=\"e-con-inner\">\n\t\t\t\t<div class=\"elementor-element elementor-element-e33af58 elementor-widget elementor-widget-wpo-consultar_case\" data-id=\"e33af58\" data-element_type=\"widget\" data-widget_type=\"wpo-consultar_case.default\">\n\t\t\t\t<div class=\"elementor-widget-container\">\n\t\t\t\t\t\t\t\t<div class=\"wpo-case-section\">\n\t\t\t\t<div class=\"container\">\n\t\t\t\t\t<div class=\"sortable-gallery\">\n\t\t\t\t\t\t<div class=\"row\">\n\t\t\t\t\t\t\t<div class=\"col-lg-2\">\n\t\t\t\t\t\t\t\t<div class=\"gallery-filters case-menu\">\n\t\t\t\t\t\t\t\t\t\t\t\t\t\t\t\t\t<\/div>\n\t\t\t\t\t\t\t<\/div>\n\t\t\t\t\t\t\t<div class=\"col-lg-10\">\n\t\t\t\t\t\t\t\t<div class=\"case-grids gallery-container clearfix\">\n\t\t\t\t\t\t\t\t\t\t\t\t\t\t\t\t\t\t\t<div class=\"grid\">\n\t\t\t\t\t\t\t\t\t\t\t<div class=\"img-holder\">\n\t\t\t\t\t\t\t\t\t\t\t\t<img decoding=\"async\" src=\"https:\/\/www.atilimhukuk.com\/wp-content\/uploads\/2025\/03\/gayrimenkul-hukuku.jpg\" alt=\"\">\t\t\t\t\t\t\t\t\t\t\t\t<div class=\"hover-content\">\n\t\t\t\t\t\t\t\t\t\t\t\t\t<a class=\"theme-btn\" href=\"https:\/\/www.atilimhukuk.com\/en\/calisma-alanlari\/gayrimenkul-hukuku\/\">Real Estate Law<\/a>\t\t\t\t\t\t\t\t\t\t\t\t<\/div>\n\t\t\t\t\t\t\t\t\t\t\t<\/div>\n\t\t\t\t\t\t\t\t\t\t<\/div>\n\t\t\t\t\t\t\t\t\t\t\t\t\t\t\t\t\t\t\t<div class=\"grid\">\n\t\t\t\t\t\t\t\t\t\t\t<div class=\"img-holder\">\n\t\t\t\t\t\t\t\t\t\t\t\t<img decoding=\"async\" src=\"https:\/\/www.atilimhukuk.com\/wp-content\/uploads\/2025\/03\/insaat-hukuku.jpg\" alt=\"\">\t\t\t\t\t\t\t\t\t\t\t\t<div class=\"hover-content\">\n\t\t\t\t\t\t\t\t\t\t\t\t\t<a class=\"theme-btn\" href=\"https:\/\/www.atilimhukuk.com\/en\/calisma-alanlari\/insaat-hukuku\/\">Construction Law<\/a>\t\t\t\t\t\t\t\t\t\t\t\t<\/div>\n\t\t\t\t\t\t\t\t\t\t\t<\/div>\n\t\t\t\t\t\t\t\t\t\t<\/div>\n\t\t\t\t\t\t\t\t\t\t\t\t\t\t\t\t\t\t\t<div class=\"grid\">\n\t\t\t\t\t\t\t\t\t\t\t<div class=\"img-holder\">\n\t\t\t\t\t\t\t\t\t\t\t\t<img decoding=\"async\" src=\"https:\/\/www.atilimhukuk.com\/wp-content\/uploads\/2025\/03\/kentsel-donusum-hukuku.jpg\" alt=\"\">\t\t\t\t\t\t\t\t\t\t\t\t<div class=\"hover-content\">\n\t\t\t\t\t\t\t\t\t\t\t\t\t<a class=\"theme-btn\" href=\"https:\/\/www.atilimhukuk.com\/en\/calisma-alanlari\/kentsel-donusum-hukuku\/\">Urban Transformation Law<\/a>\t\t\t\t\t\t\t\t\t\t\t\t<\/div>\n\t\t\t\t\t\t\t\t\t\t\t<\/div>\n\t\t\t\t\t\t\t\t\t\t<\/div>\n\t\t\t\t\t\t\t\t\t\t\t\t\t\t\t\t\t\t\t<div class=\"grid\">\n\t\t\t\t\t\t\t\t\t\t\t<div class=\"img-holder\">\n\t\t\t\t\t\t\t\t\t\t\t\t<img decoding=\"async\" src=\"https:\/\/www.atilimhukuk.com\/wp-content\/uploads\/2025\/03\/miras-hukuku.jpg\" alt=\"\">\t\t\t\t\t\t\t\t\t\t\t\t<div class=\"hover-content\">\n\t\t\t\t\t\t\t\t\t\t\t\t\t<a class=\"theme-btn\" href=\"https:\/\/www.atilimhukuk.com\/en\/calisma-alanlari\/miras-hukuku\/\">Inheritance Law<\/a>\t\t\t\t\t\t\t\t\t\t\t\t<\/div>\n\t\t\t\t\t\t\t\t\t\t\t<\/div>\n\t\t\t\t\t\t\t\t\t\t<\/div>\n\t\t\t\t\t\t\t\t\t\t\t\t\t\t\t\t\t\t\t<div class=\"grid\">\n\t\t\t\t\t\t\t\t\t\t\t<div class=\"img-holder\">\n\t\t\t\t\t\t\t\t\t\t\t\t<img decoding=\"async\" src=\"https:\/\/www.atilimhukuk.com\/wp-content\/uploads\/2025\/03\/fikri-mulkiyet-kanunu.jpg\" alt=\"\">\t\t\t\t\t\t\t\t\t\t\t\t<div class=\"hover-content\">\n\t\t\t\t\t\t\t\t\t\t\t\t\t<a class=\"theme-btn\" href=\"https:\/\/www.atilimhukuk.com\/en\/calisma-alanlari\/fikri-mulkiyet-hukuku\/\">Intellectual Property Law<\/a>\t\t\t\t\t\t\t\t\t\t\t\t<\/div>\n\t\t\t\t\t\t\t\t\t\t\t<\/div>\n\t\t\t\t\t\t\t\t\t\t<\/div>\n\t\t\t\t\t\t\t\t\t\t\t\t\t\t\t\t\t\t\t<div class=\"grid\">\n\t\t\t\t\t\t\t\t\t\t\t<div class=\"img-holder\">\n\t\t\t\t\t\t\t\t\t\t\t\t<img decoding=\"async\" src=\"https:\/\/www.atilimhukuk.com\/wp-content\/uploads\/2025\/03\/saglik-hukuku.jpg\" alt=\"\">\t\t\t\t\t\t\t\t\t\t\t\t<div class=\"hover-content\">\n\t\t\t\t\t\t\t\t\t\t\t\t\t<a class=\"theme-btn\" href=\"https:\/\/www.atilimhukuk.com\/en\/calisma-alanlari\/saglik-hukuku\/\">Health Law<\/a>\t\t\t\t\t\t\t\t\t\t\t\t<\/div>\n\t\t\t\t\t\t\t\t\t\t\t<\/div>\n\t\t\t\t\t\t\t\t\t\t<\/div>\n\t\t\t\t\t\t\t\t\t\t\t\t\t\t\t\t\t\t\t<div class=\"grid\">\n\t\t\t\t\t\t\t\t\t\t\t<div class=\"img-holder\">\n\t\t\t\t\t\t\t\t\t\t\t\t<img decoding=\"async\" src=\"https:\/\/www.atilimhukuk.com\/wp-content\/uploads\/2025\/03\/idare-hukuku.jpg\" alt=\"\">\t\t\t\t\t\t\t\t\t\t\t\t<div class=\"hover-content\">\n\t\t\t\t\t\t\t\t\t\t\t\t\t<a class=\"theme-btn\" href=\"https:\/\/www.atilimhukuk.com\/en\/calisma-alanlari\/idare-hukuku\/\">Administrative Law<\/a>\t\t\t\t\t\t\t\t\t\t\t\t<\/div>\n\t\t\t\t\t\t\t\t\t\t\t<\/div>\n\t\t\t\t\t\t\t\t\t\t<\/div>\n\t\t\t\t\t\t\t\t\t\t\t\t\t\t\t\t\t\t\t<div class=\"grid\">\n\t\t\t\t\t\t\t\t\t\t\t<div class=\"img-holder\">\n\t\t\t\t\t\t\t\t\t\t\t\t<img decoding=\"async\" src=\"https:\/\/www.atilimhukuk.com\/wp-content\/uploads\/2025\/02\/vatandaslik-hukuku.jpg\" alt=\"\">\t\t\t\t\t\t\t\t\t\t\t\t<div class=\"hover-content\">\n\t\t\t\t\t\t\t\t\t\t\t\t\t<a class=\"theme-btn\" href=\"https:\/\/www.atilimhukuk.com\/en\/calisma-alanlari\/vatandaslik-hukuku\/\">Citizenship Law<\/a>\t\t\t\t\t\t\t\t\t\t\t\t<\/div>\n\t\t\t\t\t\t\t\t\t\t\t<\/div>\n\t\t\t\t\t\t\t\t\t\t<\/div>\n\t\t\t\t\t\t\t\t\t\t\t\t\t\t\t\t\t\t\t<div class=\"grid\">\n\t\t\t\t\t\t\t\t\t\t\t<div class=\"img-holder\">\n\t\t\t\t\t\t\t\t\t\t\t\t<img decoding=\"async\" src=\"https:\/\/www.atilimhukuk.com\/wp-content\/uploads\/2021\/09\/denizticarethukuku-kapak-gorseli.jpg\" alt=\"\">\t\t\t\t\t\t\t\t\t\t\t\t<div class=\"hover-content\">\n\t\t\t\t\t\t\t\t\t\t\t\t\t<a class=\"theme-btn\" href=\"https:\/\/www.atilimhukuk.com\/en\/calisma-alanlari\/deniz-ticaret-hukuk\/\">Maritime Law<\/a>\t\t\t\t\t\t\t\t\t\t\t\t<\/div>\n\t\t\t\t\t\t\t\t\t\t\t<\/div>\n\t\t\t\t\t\t\t\t\t\t<\/div>\n\t\t\t\t\t\t\t\t\t\t\t\t\t\t\t\t\t\t\t<div class=\"grid\">\n\t\t\t\t\t\t\t\t\t\t\t<div class=\"img-holder\">\n\t\t\t\t\t\t\t\t\t\t\t\t<img decoding=\"async\" src=\"https:\/\/www.atilimhukuk.com\/wp-content\/uploads\/2021\/09\/ticaret-hukuku-kapak-gorseli.jpg\" alt=\"\">\t\t\t\t\t\t\t\t\t\t\t\t<div class=\"hover-content\">\n\t\t\t\t\t\t\t\t\t\t\t\t\t<a class=\"theme-btn\" href=\"https:\/\/www.atilimhukuk.com\/en\/calisma-alanlari\/ticaret-hukuku\/\">Commercial Law<\/a>\t\t\t\t\t\t\t\t\t\t\t\t<\/div>\n\t\t\t\t\t\t\t\t\t\t\t<\/div>\n\t\t\t\t\t\t\t\t\t\t<\/div>\n\t\t\t\t\t\t\t\t\t\t\t\t\t\t\t\t\t\t\t<div class=\"grid\">\n\t\t\t\t\t\t\t\t\t\t\t<div class=\"img-holder\">\n\t\t\t\t\t\t\t\t\t\t\t\t<img decoding=\"async\" src=\"https:\/\/www.atilimhukuk.com\/wp-content\/uploads\/2021\/09\/milletlerarasi-ozel-hukuk-kapak-gorseli.jpg\" alt=\"\">\t\t\t\t\t\t\t\t\t\t\t\t<div class=\"hover-content\">\n\t\t\t\t\t\t\t\t\t\t\t\t\t<a class=\"theme-btn\" href=\"https:\/\/www.atilimhukuk.com\/en\/calisma-alanlari\/milletlerarasi-ozel-hukuk\/\">Private International Law<\/a>\t\t\t\t\t\t\t\t\t\t\t\t<\/div>\n\t\t\t\t\t\t\t\t\t\t\t<\/div>\n\t\t\t\t\t\t\t\t\t\t<\/div>\n\t\t\t\t\t\t\t\t\t\t\t\t\t\t\t\t\t\t\t<div class=\"grid\">\n\t\t\t\t\t\t\t\t\t\t\t<div class=\"img-holder\">\n\t\t\t\t\t\t\t\t\t\t\t\t<img decoding=\"async\" src=\"https:\/\/www.atilimhukuk.com\/wp-content\/uploads\/2021\/09\/is-hukuku-kapak-gorseli.jpg\" alt=\"\">\t\t\t\t\t\t\t\t\t\t\t\t<div class=\"hover-content\">\n\t\t\t\t\t\t\t\t\t\t\t\t\t<a class=\"theme-btn\" href=\"https:\/\/www.atilimhukuk.com\/en\/calisma-alanlari\/is-hukuku\/\">Labor Law<\/a>\t\t\t\t\t\t\t\t\t\t\t\t<\/div>\n\t\t\t\t\t\t\t\t\t\t\t<\/div>\n\t\t\t\t\t\t\t\t\t\t<\/div>\n\t\t\t\t\t\t\t\t\t\t\t\t\t\t\t\t\t\t\t<div class=\"grid\">\n\t\t\t\t\t\t\t\t\t\t\t<div class=\"img-holder\">\n\t\t\t\t\t\t\t\t\t\t\t\t<img decoding=\"async\" src=\"https:\/\/www.atilimhukuk.com\/wp-content\/uploads\/2021\/09\/vergi-hukuku-kapak-gorsel.jpg\" alt=\"\">\t\t\t\t\t\t\t\t\t\t\t\t<div class=\"hover-content\">\n\t\t\t\t\t\t\t\t\t\t\t\t\t<a class=\"theme-btn\" href=\"https:\/\/www.atilimhukuk.com\/en\/calisma-alanlari\/vergi-hukuku\/\">Tax Law<\/a>\t\t\t\t\t\t\t\t\t\t\t\t<\/div>\n\t\t\t\t\t\t\t\t\t\t\t<\/div>\n\t\t\t\t\t\t\t\t\t\t<\/div>\n\t\t\t\t\t\t\t\t\t\t\t\t\t\t\t\t\t\t\t<div class=\"grid\">\n\t\t\t\t\t\t\t\t\t\t\t<div class=\"img-holder\">\n\t\t\t\t\t\t\t\t\t\t\t\t<img decoding=\"async\" src=\"https:\/\/www.atilimhukuk.com\/wp-content\/uploads\/2021\/09\/bilisim-hukuku.jpg\" alt=\"\">\t\t\t\t\t\t\t\t\t\t\t\t<div class=\"hover-content\">\n\t\t\t\t\t\t\t\t\t\t\t\t\t<a class=\"theme-btn\" href=\"https:\/\/www.atilimhukuk.com\/en\/calisma-alanlari\/bilisim-hukuku\/\">IT Law<\/a>\t\t\t\t\t\t\t\t\t\t\t\t<\/div>\n\t\t\t\t\t\t\t\t\t\t\t<\/div>\n\t\t\t\t\t\t\t\t\t\t<\/div>\n\t\t\t\t\t\t\t\t\t\t\t\t\t\t\t\t\t\t\t<div class=\"grid\">\n\t\t\t\t\t\t\t\t\t\t\t<div class=\"img-holder\">\n\t\t\t\t\t\t\t\t\t\t\t\t<img decoding=\"async\" src=\"https:\/\/www.atilimhukuk.com\/wp-content\/uploads\/2021\/09\/atilim-hukuk-burosu-aile-hukuku.jpg\" alt=\"\">\t\t\t\t\t\t\t\t\t\t\t\t<div class=\"hover-content\">\n\t\t\t\t\t\t\t\t\t\t\t\t\t<a class=\"theme-btn\" href=\"https:\/\/www.atilimhukuk.com\/en\/calisma-alanlari\/aile-hukuku\/\">Family Law<\/a>\t\t\t\t\t\t\t\t\t\t\t\t<\/div>\n\t\t\t\t\t\t\t\t\t\t\t<\/div>\n\t\t\t\t\t\t\t\t\t\t<\/div>\n\t\t\t\t\t\t\t\t\t\t\t\t\t\t\t\t\t\t\t<div class=\"grid\">\n\t\t\t\t\t\t\t\t\t\t\t<div class=\"img-holder\">\n\t\t\t\t\t\t\t\t\t\t\t\t<img decoding=\"async\" src=\"https:\/\/www.atilimhukuk.com\/wp-content\/uploads\/2021\/09\/medeni-hukuk-kapak-gorseli.jpg\" alt=\"\">\t\t\t\t\t\t\t\t\t\t\t\t<div class=\"hover-content\">\n\t\t\t\t\t\t\t\t\t\t\t\t\t<a class=\"theme-btn\" href=\"https:\/\/www.atilimhukuk.com\/en\/calisma-alanlari\/medeni-hukuk\/\">Civil Law<\/a>\t\t\t\t\t\t\t\t\t\t\t\t<\/div>\n\t\t\t\t\t\t\t\t\t\t\t<\/div>\n\t\t\t\t\t\t\t\t\t\t<\/div>\n\t\t\t\t\t\t\t\t\t\t\t\t\t\t\t\t\t\t\t<div class=\"grid\">\n\t\t\t\t\t\t\t\t\t\t\t<div class=\"img-holder\">\n\t\t\t\t\t\t\t\t\t\t\t\t<img decoding=\"async\" src=\"https:\/\/www.atilimhukuk.com\/wp-content\/uploads\/2021\/09\/icra-hukuku.jpg\" alt=\"\">\t\t\t\t\t\t\t\t\t\t\t\t<div class=\"hover-content\">\n\t\t\t\t\t\t\t\t\t\t\t\t\t<a class=\"theme-btn\" href=\"https:\/\/www.atilimhukuk.com\/en\/calisma-alanlari\/icra-hukuku\/\">Enforcement Law<\/a>\t\t\t\t\t\t\t\t\t\t\t\t<\/div>\n\t\t\t\t\t\t\t\t\t\t\t<\/div>\n\t\t\t\t\t\t\t\t\t\t<\/div>\n\t\t\t\t\t\t\t\t\t\t\t\t\t\t\t\t\t\t\t<div class=\"grid\">\n\t\t\t\t\t\t\t\t\t\t\t<div class=\"img-holder\">\n\t\t\t\t\t\t\t\t\t\t\t\t<img decoding=\"async\" src=\"https:\/\/www.atilimhukuk.com\/wp-content\/uploads\/2021\/09\/ceza-hukuku-kapak-gorsel.jpg\" alt=\"\">\t\t\t\t\t\t\t\t\t\t\t\t<div class=\"hover-content\">\n\t\t\t\t\t\t\t\t\t\t\t\t\t<a class=\"theme-btn\" href=\"https:\/\/www.atilimhukuk.com\/en\/calisma-alanlari\/ceza-hukuku\/\">Criminal Law<\/a>\t\t\t\t\t\t\t\t\t\t\t\t<\/div>\n\t\t\t\t\t\t\t\t\t\t\t<\/div>\n\t\t\t\t\t\t\t\t\t\t<\/div>\n\t\t\t\t\t\t\t\t\t\t\t\t\t\t\t\t\t\t\t<div class=\"grid\">\n\t\t\t\t\t\t\t\t\t\t\t<div class=\"img-holder\">\n\t\t\t\t\t\t\t\t\t\t\t\t<img decoding=\"async\" src=\"https:\/\/www.atilimhukuk.com\/wp-content\/uploads\/2021\/09\/borclar-hukuku.jpg\" alt=\"\">\t\t\t\t\t\t\t\t\t\t\t\t<div class=\"hover-content\">\n\t\t\t\t\t\t\t\t\t\t\t\t\t<a class=\"theme-btn\" href=\"https:\/\/www.atilimhukuk.com\/en\/calisma-alanlari\/borclar-hukuku\/\">Law of Obligations<\/a>\t\t\t\t\t\t\t\t\t\t\t\t<\/div>\n\t\t\t\t\t\t\t\t\t\t\t<\/div>\n\t\t\t\t\t\t\t\t\t\t<\/div>\n\t\t\t\t\t\t\t\t\t\t\t\t\t\t\t\t\t<\/div>\n\t\t\t\t\t\t\t<\/div>\n\t\t\t\t\t\t<\/div>\n\t\t\t\t\t<\/div>\n\t\t\t\t<\/div> <!-- end container -->\n\t\t\t<\/div>\n\t\t\t\t<\/div>\n\t\t\t\t<\/div>\n\t\t\t\t\t<\/div>\n\t\t\t\t<\/div>\n\t\t\t\t<\/div>","protected":false},"excerpt":{"rendered":"\u00c7al\u0131\u015fma Alanlar\u0131m\u0131z At\u0131l\u0131m Hukuk B\u00fcrosu olarak ceza hukuku, aile hukuku, i\u015f hukuku, ticaret hukuku ve daha bir\u00e7ok alanda uzman kadromuzla hukuki hizmet sunuyoruz. Gayrimenkul Hukuku \u0130n\u015faat Hukuku Kentsel D\u00f6n\u00fc\u015f\u00fcm Hukuku Miras Hukuku Fikri M\u00fclkiyet Hukuku Sa\u011fl\u0131k Hukuku \u0130dare Hukuku Vatanda\u015fl\u0131k Hukuku Deniz Ticaret Hukuk Dan\u0131\u015fmanl\u0131k Hukuku Milletleraras\u0131 \u00d6zel Hukuk Ticaret Hukuku Vergi Hukuku \u0130\u015f Hukuku","protected":false},"author":1,"featured_media":0,"parent":0,"menu_order":0,"comment_status":"closed","ping_status":"closed","template":"elementor_header_footer","meta":{"_monsterinsights_skip_tracking":false,"_monsterinsights_sitenote_active":false,"_monsterinsights_sitenote_note":"","_monsterinsights_sitenote_category":0,"footnotes":""},"class_list":["post-2860","page","type-page","status-publish","hentry"],"aioseo_notices":[],"yoast_head":"<!-- This site is optimized with the Yoast SEO plugin v24.4 - https:\/\/yoast.com\/wordpress\/plugins\/seo\/ -->\n<title>\u00c7al\u0131\u015fma Alanlar\u0131m\u0131z - At\u0131l\u0131m Hukuk<\/title>\n<meta name=\"description\" content=\"\u00c7al\u0131\u015fma alanlar\u0131m\u0131z: Ceza, aile, ticaret ve icra hukuku. Uzman avukat kadromuzla dan\u0131\u015fmanl\u0131k ve dava takibi hizmeti sunuyoruz.\" \/>\n<meta name=\"robots\" content=\"index, follow, max-snippet:-1, max-image-preview:large, max-video-preview:-1\" \/>\n<link rel=\"canonical\" href=\"https:\/\/www.atilimhukuk.com\/en\/calisma-alanlarimiz\/\" \/>\n<meta property=\"og:locale\" content=\"en_US\" \/>\n<meta property=\"og:type\" content=\"article\" \/>\n<meta property=\"og:title\" content=\"\u00c7al\u0131\u015fma Alanlar\u0131m\u0131z - At\u0131l\u0131m Hukuk\" \/>\n<meta property=\"og:description\" content=\"\u00c7al\u0131\u015fma alanlar\u0131m\u0131z: Ceza, aile, ticaret ve icra hukuku. Uzman avukat kadromuzla dan\u0131\u015fmanl\u0131k ve dava takibi hizmeti sunuyoruz.\" \/>\n<meta property=\"og:url\" content=\"https:\/\/www.atilimhukuk.com\/en\/calisma-alanlarimiz\/\" \/>\n<meta property=\"og:site_name\" content=\"At\u0131l\u0131m Hukuk\" \/>\n<meta property=\"article:modified_time\" content=\"2025-03-07T05:22:53+00:00\" \/>\n<meta property=\"og:image\" content=\"https:\/\/www.atilimhukuk.com\/wp-content\/uploads\/2025\/03\/gayrimenkul-hukuku.jpg\" \/>\n<meta name=\"twitter:card\" content=\"summary_large_image\" \/>\n<meta name=\"twitter:site\" content=\"@atilimhukukoff\" \/>\n<meta name=\"twitter:label1\" content=\"Est. reading time\" \/>\n\t<meta name=\"twitter:data1\" content=\"5 minutes\" \/>\n<script type=\"application\/ld+json\" class=\"yoast-schema-graph\">{\"@context\":\"https:\/\/schema.org\",\"@graph\":[{\"@type\":\"WebPage\",\"@id\":\"https:\/\/www.atilimhukuk.com\/calisma-alanlarimiz\/\",\"url\":\"https:\/\/www.atilimhukuk.com\/calisma-alanlarimiz\/\",\"name\":\"\u00c7al\u0131\u015fma Alanlar\u0131m\u0131z - At\u0131l\u0131m Hukuk\",\"isPartOf\":{\"@id\":\"https:\/\/www.atilimhukuk.com\/#website\"},\"primaryImageOfPage\":{\"@id\":\"https:\/\/www.atilimhukuk.com\/calisma-alanlarimiz\/#primaryimage\"},\"image\":{\"@id\":\"https:\/\/www.atilimhukuk.com\/calisma-alanlarimiz\/#primaryimage\"},\"thumbnailUrl\":\"https:\/\/www.atilimhukuk.com\/wp-content\/uploads\/2025\/03\/gayrimenkul-hukuku.jpg\",\"datePublished\":\"2025-02-05T13:15:59+00:00\",\"dateModified\":\"2025-03-07T05:22:53+00:00\",\"description\":\"\u00c7al\u0131\u015fma alanlar\u0131m\u0131z: Ceza, aile, ticaret ve icra hukuku. Uzman avukat kadromuzla dan\u0131\u015fmanl\u0131k ve dava takibi hizmeti sunuyoruz.\",\"breadcrumb\":{\"@id\":\"https:\/\/www.atilimhukuk.com\/calisma-alanlarimiz\/#breadcrumb\"},\"inLanguage\":\"en-US\",\"potentialAction\":[{\"@type\":\"ReadAction\",\"target\":[\"https:\/\/www.atilimhukuk.com\/calisma-alanlarimiz\/\"]}]},{\"@type\":\"ImageObject\",\"inLanguage\":\"en-US\",\"@id\":\"https:\/\/www.atilimhukuk.com\/calisma-alanlarimiz\/#primaryimage\",\"url\":\"https:\/\/www.atilimhukuk.com\/wp-content\/uploads\/2025\/03\/gayrimenkul-hukuku.jpg\",\"contentUrl\":\"https:\/\/www.atilimhukuk.com\/wp-content\/uploads\/2025\/03\/gayrimenkul-hukuku.jpg\"},{\"@type\":\"BreadcrumbList\",\"@id\":\"https:\/\/www.atilimhukuk.com\/calisma-alanlarimiz\/#breadcrumb\",\"itemListElement\":[{\"@type\":\"ListItem\",\"position\":1,\"name\":\"Anasayfa\",\"item\":\"https:\/\/www.atilimhukuk.com\/\"},{\"@type\":\"ListItem\",\"position\":2,\"name\":\"\u00c7al\u0131\u015fma Alanlar\u0131m\u0131z\"}]},{\"@type\":\"WebSite\",\"@id\":\"https:\/\/www.atilimhukuk.com\/#website\",\"url\":\"https:\/\/www.atilimhukuk.com\/\",\"name\":\"At\u0131l\u0131m Hukuk\",\"description\":\"At\u0131l\u0131m Hukuk B&uuml;rosu\",\"publisher\":{\"@id\":\"https:\/\/www.atilimhukuk.com\/#organization\"},\"potentialAction\":[{\"@type\":\"SearchAction\",\"target\":{\"@type\":\"EntryPoint\",\"urlTemplate\":\"https:\/\/www.atilimhukuk.com\/?s={search_term_string}\"},\"query-input\":{\"@type\":\"PropertyValueSpecification\",\"valueRequired\":true,\"valueName\":\"search_term_string\"}}],\"inLanguage\":\"en-US\"},{\"@type\":\"Organization\",\"@id\":\"https:\/\/www.atilimhukuk.com\/#organization\",\"name\":\"At\u0131l\u0131m Hukuk\",\"url\":\"https:\/\/www.atilimhukuk.com\/\",\"logo\":{\"@type\":\"ImageObject\",\"inLanguage\":\"en-US\",\"@id\":\"https:\/\/www.atilimhukuk.com\/#\/schema\/logo\/image\/\",\"url\":\"https:\/\/www.atilimhukuk.com\/wp-content\/uploads\/2025\/03\/cropped-atilim-hukuk-logo-yeni-2-1.png\",\"contentUrl\":\"https:\/\/www.atilimhukuk.com\/wp-content\/uploads\/2025\/03\/cropped-atilim-hukuk-logo-yeni-2-1.png\",\"width\":1055,\"height\":1057,\"caption\":\"At\u0131l\u0131m Hukuk\"},\"image\":{\"@id\":\"https:\/\/www.atilimhukuk.com\/#\/schema\/logo\/image\/\"},\"sameAs\":[\"https:\/\/x.com\/atilimhukukoff\"]}]}<\/script>\n<!-- \/ Yoast SEO plugin. -->","yoast_head_json":{"title":"\u00c7al\u0131\u015fma Alanlar\u0131m\u0131z - At\u0131l\u0131m Hukuk","description":"\u00c7al\u0131\u015fma alanlar\u0131m\u0131z: Ceza, aile, ticaret ve icra hukuku. Uzman avukat kadromuzla dan\u0131\u015fmanl\u0131k ve dava takibi hizmeti sunuyoruz.","robots":{"index":"index","follow":"follow","max-snippet":"max-snippet:-1","max-image-preview":"max-image-preview:large","max-video-preview":"max-video-preview:-1"},"canonical":"https:\/\/www.atilimhukuk.com\/en\/calisma-alanlarimiz\/","og_locale":"en_US","og_type":"article","og_title":"\u00c7al\u0131\u015fma Alanlar\u0131m\u0131z - At\u0131l\u0131m Hukuk","og_description":"\u00c7al\u0131\u015fma alanlar\u0131m\u0131z: Ceza, aile, ticaret ve icra hukuku. Uzman avukat kadromuzla dan\u0131\u015fmanl\u0131k ve dava takibi hizmeti sunuyoruz.","og_url":"https:\/\/www.atilimhukuk.com\/en\/calisma-alanlarimiz\/","og_site_name":"At\u0131l\u0131m Hukuk","article_modified_time":"2025-03-07T05:22:53+00:00","og_image":[{"url":"https:\/\/www.atilimhukuk.com\/wp-content\/uploads\/2025\/03\/gayrimenkul-hukuku.jpg","type":"","width":"","height":""}],"twitter_card":"summary_large_image","twitter_site":"@atilimhukukoff","twitter_misc":{"Est. reading time":"5 minutes"},"schema":{"@context":"https:\/\/schema.org","@graph":[{"@type":"WebPage","@id":"https:\/\/www.atilimhukuk.com\/calisma-alanlarimiz\/","url":"https:\/\/www.atilimhukuk.com\/calisma-alanlarimiz\/","name":"\u00c7al\u0131\u015fma Alanlar\u0131m\u0131z - At\u0131l\u0131m Hukuk","isPartOf":{"@id":"https:\/\/www.atilimhukuk.com\/#website"},"primaryImageOfPage":{"@id":"https:\/\/www.atilimhukuk.com\/calisma-alanlarimiz\/#primaryimage"},"image":{"@id":"https:\/\/www.atilimhukuk.com\/calisma-alanlarimiz\/#primaryimage"},"thumbnailUrl":"https:\/\/www.atilimhukuk.com\/wp-content\/uploads\/2025\/03\/gayrimenkul-hukuku.jpg","datePublished":"2025-02-05T13:15:59+00:00","dateModified":"2025-03-07T05:22:53+00:00","description":"\u00c7al\u0131\u015fma alanlar\u0131m\u0131z: Ceza, aile, ticaret ve icra hukuku. Uzman avukat kadromuzla dan\u0131\u015fmanl\u0131k ve dava takibi hizmeti sunuyoruz.","breadcrumb":{"@id":"https:\/\/www.atilimhukuk.com\/calisma-alanlarimiz\/#breadcrumb"},"inLanguage":"en-US","potentialAction":[{"@type":"ReadAction","target":["https:\/\/www.atilimhukuk.com\/calisma-alanlarimiz\/"]}]},{"@type":"ImageObject","inLanguage":"en-US","@id":"https:\/\/www.atilimhukuk.com\/calisma-alanlarimiz\/#primaryimage","url":"https:\/\/www.atilimhukuk.com\/wp-content\/uploads\/2025\/03\/gayrimenkul-hukuku.jpg","contentUrl":"https:\/\/www.atilimhukuk.com\/wp-content\/uploads\/2025\/03\/gayrimenkul-hukuku.jpg"},{"@type":"BreadcrumbList","@id":"https:\/\/www.atilimhukuk.com\/calisma-alanlarimiz\/#breadcrumb","itemListElement":[{"@type":"ListItem","position":1,"name":"Anasayfa","item":"https:\/\/www.atilimhukuk.com\/"},{"@type":"ListItem","position":2,"name":"\u00c7al\u0131\u015fma Alanlar\u0131m\u0131z"}]},{"@type":"WebSite","@id":"https:\/\/www.atilimhukuk.com\/#website","url":"https:\/\/www.atilimhukuk.com\/","name":"At\u0131l\u0131m Hukuk","description":"At\u0131l\u0131m Hukuk B&uuml;rosu","publisher":{"@id":"https:\/\/www.atilimhukuk.com\/#organization"},"potentialAction":[{"@type":"SearchAction","target":{"@type":"EntryPoint","urlTemplate":"https:\/\/www.atilimhukuk.com\/?s={search_term_string}"},"query-input":{"@type":"PropertyValueSpecification","valueRequired":true,"valueName":"search_term_string"}}],"inLanguage":"en-US"},{"@type":"Organization","@id":"https:\/\/www.atilimhukuk.com\/#organization","name":"At\u0131l\u0131m Hukuk","url":"https:\/\/www.atilimhukuk.com\/","logo":{"@type":"ImageObject","inLanguage":"en-US","@id":"https:\/\/www.atilimhukuk.com\/#\/schema\/logo\/image\/","url":"https:\/\/www.atilimhukuk.com\/wp-content\/uploads\/2025\/03\/cropped-atilim-hukuk-logo-yeni-2-1.png","contentUrl":"https:\/\/www.atilimhukuk.com\/wp-content\/uploads\/2025\/03\/cropped-atilim-hukuk-logo-yeni-2-1.png","width":1055,"height":1057,"caption":"At\u0131l\u0131m Hukuk"},"image":{"@id":"https:\/\/www.atilimhukuk.com\/#\/schema\/logo\/image\/"},"sameAs":["https:\/\/x.com\/atilimhukukoff"]}]}},"_links":{"self":[{"href":"https:\/\/www.atilimhukuk.com\/en\/wp-json\/wp\/v2\/pages\/2860"}],"collection":[{"href":"https:\/\/www.atilimhukuk.com\/en\/wp-json\/wp\/v2\/pages"}],"about":[{"href":"https:\/\/www.atilimhukuk.com\/en\/wp-json\/wp\/v2\/types\/page"}],"author":[{"embeddable":true,"href":"https:\/\/www.atilimhukuk.com\/en\/wp-json\/wp\/v2\/users\/1"}],"replies":[{"embeddable":true,"href":"https:\/\/www.atilimhukuk.com\/en\/wp-json\/wp\/v2\/comments?post=2860"}],"version-history":[{"count":28,"href":"https:\/\/www.atilimhukuk.com\/en\/wp-json\/wp\/v2\/pages\/2860\/revisions"}],"predecessor-version":[{"id":4228,"href":"https:\/\/www.atilimhukuk.com\/en\/wp-json\/wp\/v2\/pages\/2860\/revisions\/4228"}],"wp:attachment":[{"href":"https:\/\/www.atilimhukuk.com\/en\/wp-json\/wp\/v2\/media?parent=2860"}],"curies":[{"name":"wp","href":"https:\/\/api.w.org\/{rel}","templated":true}]}}